{"id":2022,"date":"2021-01-18T02:05:25","date_gmt":"2021-01-18T02:05:25","guid":{"rendered":"http:\/\/kitesurfgibraltar.com\/?page_id=2022"},"modified":"2025-03-07T11:38:04","modified_gmt":"2025-03-07T11:38:04","slug":"wind-forecast","status":"publish","type":"page","link":"https:\/\/kitesurfgibraltar.com\/es_es\/wind-forecast","title":{"rendered":"Previsi\u00f3n de viento"},"content":{"rendered":"<div data-elementor-type=\"wp-page\" data-elementor-id=\"2022\" class=\"elementor elementor-2022\">\n\t\t\t\t\t\t<section class=\"elementor-section elementor-top-section elementor-element elementor-element-8fa23c1 elementor-section-boxed elementor-section-height-default elementor-section-height-default\" data-id=\"8fa23c1\" data-element_type=\"section\" data-e-type=\"section\">\n\t\t\t\t\t\t<div class=\"elementor-container elementor-column-gap-default\">\n\t\t\t\t\t<div class=\"elementor-column elementor-col-100 elementor-top-column elementor-element elementor-element-21599fe\" data-id=\"21599fe\" data-element_type=\"column\" data-e-type=\"column\">\n\t\t\t<div class=\"elementor-widget-wrap elementor-element-populated\">\n\t\t\t\t\t\t<div class=\"elementor-element elementor-element-89c6ba4 elementor-widget elementor-widget-heading\" data-id=\"89c6ba4\" data-element_type=\"widget\" data-e-type=\"widget\" data-widget_type=\"heading.default\">\n\t\t\t\t<div class=\"elementor-widget-container\">\n\t\t\t\t\t<h2 class=\"elementor-heading-title elementor-size-default\">Comprueba el viento antes de venir<\/h2>\t\t\t\t<\/div>\n\t\t\t\t<\/div>\n\t\t\t\t\t<\/div>\n\t\t<\/div>\n\t\t\t\t\t<\/div>\n\t\t<\/section>\n\t\t\t\t<section class=\"elementor-section elementor-top-section elementor-element elementor-element-ea32648 elementor-section-boxed elementor-section-height-default elementor-section-height-default\" data-id=\"ea32648\" data-element_type=\"section\" data-e-type=\"section\">\n\t\t\t\t\t\t<div class=\"elementor-container elementor-column-gap-default\">\n\t\t\t\t\t<div class=\"elementor-column elementor-col-100 elementor-top-column elementor-element elementor-element-112c3ae\" data-id=\"112c3ae\" data-element_type=\"column\" data-e-type=\"column\">\n\t\t\t<div class=\"elementor-widget-wrap elementor-element-populated\">\n\t\t\t\t\t\t<div class=\"elementor-element elementor-element-83451ef elementor-widget elementor-widget-text-editor\" data-id=\"83451ef\" data-element_type=\"widget\" data-e-type=\"widget\" data-widget_type=\"text-editor.default\">\n\t\t\t\t<div class=\"elementor-widget-container\">\n\t\t\t\t\t\t\t\t\t<div id=\"tw-container\" class=\"YQaNob\" data-cp=\"1\" data-is-ver=\"false\" data-nnttsvi=\"1\" data-sm=\"1\" data-sugg-time=\"500\" data-sugg-url=\"https:\/\/clients1.google.com\/complete\/search\" data-uilc=\"es\"><div id=\"tw-ob\" class=\"tw-src-ltr\"><div class=\"oSioSc\"><div id=\"tw-target\"><div id=\"kAz1tf\" class=\"g9WsWb\"><div id=\"tw-target-text-container\" class=\"tw-ta-container hide-focus-ring tw-nfl\" tabindex=\"0\"><p id=\"tw-target-text\" class=\"tw-data-text tw-text-large XcVN5d tw-ta\" dir=\"ltr\" data-placeholder=\"Traducci\u00f3n\"><span lang=\"en\">Te mostramos las p\u00e1ginas web m\u00e1s sofisticadas para que puedas analizar la previsi\u00f3n antes de venir a tu spot favorito.<\/span><\/p><\/div><\/div><\/div><\/div><\/div><\/div>\t\t\t\t\t\t\t\t<\/div>\n\t\t\t\t<\/div>\n\t\t\t\t\t<\/div>\n\t\t<\/div>\n\t\t\t\t\t<\/div>\n\t\t<\/section>\n\t\t\t\t<section class=\"elementor-section elementor-top-section elementor-element elementor-element-301af6d elementor-section-boxed elementor-section-height-default elementor-section-height-default\" data-id=\"301af6d\" data-element_type=\"section\" data-e-type=\"section\">\n\t\t\t\t\t\t<div class=\"elementor-container elementor-column-gap-default\">\n\t\t\t\t\t<div class=\"elementor-column elementor-col-100 elementor-top-column elementor-element elementor-element-5284f3e\" data-id=\"5284f3e\" data-element_type=\"column\" data-e-type=\"column\">\n\t\t\t<div class=\"elementor-widget-wrap elementor-element-populated\">\n\t\t\t\t\t\t<div class=\"elementor-element elementor-element-909f5be elementor-widget elementor-widget-html\" data-id=\"909f5be\" data-element_type=\"widget\" data-e-type=\"widget\" data-widget_type=\"html.default\">\n\t\t\t\t<div class=\"elementor-widget-container\">\n\t\t\t\t\t<iframe width=\"650\" height=\"450\" src=\"https:\/\/embed.windy.com\/embed2.html?lat=36.082&lon=-5.666&detailLat=36.082&detailLon=-5.666&width=650&height=450&zoom=5&level=surface&overlay=wind&product=ecmwf&menu=&message=&marker=&calendar=now&pressure=&type=map&location=coordinates&detail=&metricWind=default&metricTemp=default&radarRange=-1\" frameborder=\"0\"><\/iframe>\t\t\t\t<\/div>\n\t\t\t\t<\/div>\n\t\t\t\t\t<\/div>\n\t\t<\/div>\n\t\t\t\t\t<\/div>\n\t\t<\/section>\n\t\t\t\t<section class=\"elementor-section elementor-top-section elementor-element elementor-element-4372d58 elementor-section-boxed elementor-section-height-default elementor-section-height-default\" data-id=\"4372d58\" data-element_type=\"section\" data-e-type=\"section\">\n\t\t\t\t\t\t<div class=\"elementor-container elementor-column-gap-default\">\n\t\t\t\t\t<div class=\"elementor-column elementor-col-100 elementor-top-column elementor-element elementor-element-48977e4\" data-id=\"48977e4\" data-element_type=\"column\" data-e-type=\"column\">\n\t\t\t<div class=\"elementor-widget-wrap\">\n\t\t\t\t\t\t\t<\/div>\n\t\t<\/div>\n\t\t\t\t\t<\/div>\n\t\t<\/section>\n\t\t\t\t<\/div>","protected":false},"excerpt":{"rendered":"<p>Check the wind before to come We show you the most sophisticated web pages so that you can analyze the forecast before coming to your favorite spot.<\/p>","protected":false},"author":1,"featured_media":0,"parent":0,"menu_order":0,"comment_status":"closed","ping_status":"closed","template":"","meta":{"footnotes":""},"class_list":["post-2022","page","type-page","status-publish","hentry"],"yoast_head":"<!-- This site is optimized with the Yoast SEO plugin v27.4 - https:\/\/yoast.com\/product\/yoast-seo-wordpress\/ -->\n<title>Wind forecast - Kiteboarding Gibraltar<\/title>\n<meta name=\"description\" content=\"Discover the best information about wind and weather in general before coming to the Strait of Gibraltar and all its spots.\" \/>\n<meta name=\"robots\" content=\"index, follow, max-snippet:-1, max-image-preview:large, max-video-preview:-1\" \/>\n<link rel=\"canonical\" href=\"https:\/\/kitesurfgibraltar.com\/es_es\/wind-forecast\/\" \/>\n<meta property=\"og:locale\" content=\"es_ES\" \/>\n<meta property=\"og:type\" content=\"article\" \/>\n<meta property=\"og:title\" content=\"Wind forecast - Kiteboarding Gibraltar\" \/>\n<meta property=\"og:description\" content=\"Discover the best information about wind and weather in general before coming to the Strait of Gibraltar and all its spots.\" \/>\n<meta property=\"og:url\" content=\"https:\/\/kitesurfgibraltar.com\/es_es\/wind-forecast\/\" \/>\n<meta property=\"og:site_name\" content=\"Kiteboarding Gibraltar\" \/>\n<meta property=\"article:modified_time\" content=\"2025-03-07T11:38:04+00:00\" \/>\n<meta name=\"twitter:card\" content=\"summary_large_image\" \/>\n<meta name=\"twitter:label1\" content=\"Tiempo de lectura\" \/>\n\t<meta name=\"twitter:data1\" content=\"1 minuto\" \/>\n<script type=\"application\/ld+json\" class=\"yoast-schema-graph\">{\"@context\":\"https:\\\/\\\/schema.org\",\"@graph\":[{\"@type\":\"WebPage\",\"@id\":\"https:\\\/\\\/kitesurfgibraltar.com\\\/wind-forecast\",\"url\":\"https:\\\/\\\/kitesurfgibraltar.com\\\/wind-forecast\",\"name\":\"Wind forecast - Kiteboarding Gibraltar\",\"isPartOf\":{\"@id\":\"https:\\\/\\\/kitesurfgibraltar.com\\\/#website\"},\"datePublished\":\"2021-01-18T02:05:25+00:00\",\"dateModified\":\"2025-03-07T11:38:04+00:00\",\"description\":\"Discover the best information about wind and weather in general before coming to the Strait of Gibraltar and all its spots.\",\"breadcrumb\":{\"@id\":\"https:\\\/\\\/kitesurfgibraltar.com\\\/wind-forecast#breadcrumb\"},\"inLanguage\":\"es\",\"potentialAction\":[{\"@type\":\"ReadAction\",\"target\":[\"https:\\\/\\\/kitesurfgibraltar.com\\\/wind-forecast\"]}]},{\"@type\":\"BreadcrumbList\",\"@id\":\"https:\\\/\\\/kitesurfgibraltar.com\\\/wind-forecast#breadcrumb\",\"itemListElement\":[{\"@type\":\"ListItem\",\"position\":1,\"name\":\"Portada\",\"item\":\"https:\\\/\\\/kitesurfgibraltar.com\\\/\"},{\"@type\":\"ListItem\",\"position\":2,\"name\":\"Wind forecast\"}]},{\"@type\":\"WebSite\",\"@id\":\"https:\\\/\\\/kitesurfgibraltar.com\\\/#website\",\"url\":\"https:\\\/\\\/kitesurfgibraltar.com\\\/\",\"name\":\"Kiteboarding Gibraltar\",\"description\":\"Enjoy kitesurf with us\",\"potentialAction\":[{\"@type\":\"SearchAction\",\"target\":{\"@type\":\"EntryPoint\",\"urlTemplate\":\"https:\\\/\\\/kitesurfgibraltar.com\\\/?s={search_term_string}\"},\"query-input\":{\"@type\":\"PropertyValueSpecification\",\"valueRequired\":true,\"valueName\":\"search_term_string\"}}],\"inLanguage\":\"es\"}]}<\/script>\n<!-- \/ Yoast SEO plugin. -->","yoast_head_json":{"title":"Wind forecast - Kiteboarding Gibraltar","description":"Discover the best information about wind and weather in general before coming to the Strait of Gibraltar and all its spots.","robots":{"index":"index","follow":"follow","max-snippet":"max-snippet:-1","max-image-preview":"max-image-preview:large","max-video-preview":"max-video-preview:-1"},"canonical":"https:\/\/kitesurfgibraltar.com\/es_es\/wind-forecast\/","og_locale":"es_ES","og_type":"article","og_title":"Wind forecast - Kiteboarding Gibraltar","og_description":"Discover the best information about wind and weather in general before coming to the Strait of Gibraltar and all its spots.","og_url":"https:\/\/kitesurfgibraltar.com\/es_es\/wind-forecast\/","og_site_name":"Kiteboarding Gibraltar","article_modified_time":"2025-03-07T11:38:04+00:00","twitter_card":"summary_large_image","twitter_misc":{"Tiempo de lectura":"1 minuto"},"schema":{"@context":"https:\/\/schema.org","@graph":[{"@type":"WebPage","@id":"https:\/\/kitesurfgibraltar.com\/wind-forecast","url":"https:\/\/kitesurfgibraltar.com\/wind-forecast","name":"Wind forecast - Kiteboarding Gibraltar","isPartOf":{"@id":"https:\/\/kitesurfgibraltar.com\/#website"},"datePublished":"2021-01-18T02:05:25+00:00","dateModified":"2025-03-07T11:38:04+00:00","description":"Discover the best information about wind and weather in general before coming to the Strait of Gibraltar and all its spots.","breadcrumb":{"@id":"https:\/\/kitesurfgibraltar.com\/wind-forecast#breadcrumb"},"inLanguage":"es","potentialAction":[{"@type":"ReadAction","target":["https:\/\/kitesurfgibraltar.com\/wind-forecast"]}]},{"@type":"BreadcrumbList","@id":"https:\/\/kitesurfgibraltar.com\/wind-forecast#breadcrumb","itemListElement":[{"@type":"ListItem","position":1,"name":"Portada","item":"https:\/\/kitesurfgibraltar.com\/"},{"@type":"ListItem","position":2,"name":"Wind forecast"}]},{"@type":"WebSite","@id":"https:\/\/kitesurfgibraltar.com\/#website","url":"https:\/\/kitesurfgibraltar.com\/","name":"Kiteboarding Gibraltar","description":"Enjoy kitesurf with us","potentialAction":[{"@type":"SearchAction","target":{"@type":"EntryPoint","urlTemplate":"https:\/\/kitesurfgibraltar.com\/?s={search_term_string}"},"query-input":{"@type":"PropertyValueSpecification","valueRequired":true,"valueName":"search_term_string"}}],"inLanguage":"es"}]}},"_links":{"self":[{"href":"https:\/\/kitesurfgibraltar.com\/es_es\/wp-json\/wp\/v2\/pages\/2022","targetHints":{"allow":["GET"]}}],"collection":[{"href":"https:\/\/kitesurfgibraltar.com\/es_es\/wp-json\/wp\/v2\/pages"}],"about":[{"href":"https:\/\/kitesurfgibraltar.com\/es_es\/wp-json\/wp\/v2\/types\/page"}],"author":[{"embeddable":true,"href":"https:\/\/kitesurfgibraltar.com\/es_es\/wp-json\/wp\/v2\/users\/1"}],"replies":[{"embeddable":true,"href":"https:\/\/kitesurfgibraltar.com\/es_es\/wp-json\/wp\/v2\/comments?post=2022"}],"version-history":[{"count":34,"href":"https:\/\/kitesurfgibraltar.com\/es_es\/wp-json\/wp\/v2\/pages\/2022\/revisions"}],"predecessor-version":[{"id":2585,"href":"https:\/\/kitesurfgibraltar.com\/es_es\/wp-json\/wp\/v2\/pages\/2022\/revisions\/2585"}],"wp:attachment":[{"href":"https:\/\/kitesurfgibraltar.com\/es_es\/wp-json\/wp\/v2\/media?parent=2022"}],"curies":[{"name":"wp","href":"https:\/\/api.w.org\/{rel}","templated":true}]}}